{"id":1104,"date":"2025-11-13T17:39:39","date_gmt":"2025-11-13T17:39:39","guid":{"rendered":"https:\/\/www.clubsaintlambert.fr\/?page_id=1104"},"modified":"2026-02-18T19:04:45","modified_gmt":"2026-02-18T19:04:45","slug":"le-club","status":"publish","type":"page","link":"https:\/\/www.clubsaintlambert.fr\/index.php\/le-club\/","title":{"rendered":"Le club"},"content":{"rendered":"\t\t<div data-elementor-type=\"wp-post\" data-elementor-id=\"1104\" class=\"elementor elementor-1104\" data-elementor-settings=\"{&quot;ha_cmc_init_switcher&quot;:&quot;no&quot;}\">\n\t\t\t\t\t\t<section class=\"has_eae_slider elementor-section elementor-top-section elementor-element elementor-element-6982f5e elementor-section-full_width elementor-section-height-default elementor-section-height-default wpr-particle-no wpr-jarallax-no wpr-parallax-no wpr-sticky-section-no wpr-equal-height-no\" data-eae-slider=\"49579\" data-id=\"6982f5e\" data-element_type=\"section\" data-e-type=\"section\" data-settings=\"{&quot;background_background&quot;:&quot;classic&quot;,&quot;_ha_eqh_enable&quot;:false}\">\n\t\t\t\t\t\t<div class=\"elementor-container elementor-column-gap-default\">\n\t\t\t\t\t<div class=\"has_eae_slider elementor-column elementor-col-100 elementor-top-column elementor-element elementor-element-3460a85\" data-eae-slider=\"6943\" data-id=\"3460a85\" data-element_type=\"column\" data-e-type=\"column\">\n\t\t\t<div class=\"elementor-widget-wrap elementor-element-populated\">\n\t\t\t\t\t\t<div class=\"elementor-element elementor-element-09d9b12 elementor-widget elementor-widget-menu-anchor\" data-id=\"09d9b12\" data-element_type=\"widget\" data-e-type=\"widget\" data-widget_type=\"menu-anchor.default\">\n\t\t\t\t\t\t\t<div class=\"elementor-menu-anchor\" id=\"archive-anchor\"><\/div>\n\t\t\t\t\t\t<\/div>\n\t\t\t\t<div class=\"elementor-element elementor-element-2c846cd elementor-widget elementor-widget-heading\" data-id=\"2c846cd\" data-element_type=\"widget\" data-e-type=\"widget\" data-widget_type=\"heading.default\">\n\t\t\t\t\t<h2 class=\"elementor-heading-title elementor-size-default\"><span id=\"actus\">Le Club Saint-Lambert\n<\/h2>\t\t\t\t<\/div>\n\t\t\t\t<div class=\"elementor-element elementor-element-7729432 elementor-widget elementor-widget-spacer\" data-id=\"7729432\" data-element_type=\"widget\" data-e-type=\"widget\" data-widget_type=\"spacer.default\">\n\t\t\t\t\t\t\t<div class=\"elementor-spacer\">\n\t\t\t<div class=\"elementor-spacer-inner\"><\/div>\n\t\t<\/div>\n\t\t\t\t\t\t<\/div>\n\t\t\t\t\t<\/div>\n\t\t<\/div>\n\t\t\t\t\t<\/div>\n\t\t<\/section>\n\t\t<div class=\"has_eae_slider elementor-element elementor-element-bc2fc7d e-flex e-con-boxed wpr-particle-no wpr-jarallax-no wpr-parallax-no wpr-sticky-section-no wpr-equal-height-no e-con e-parent\" data-eae-slider=\"40802\" data-id=\"bc2fc7d\" data-element_type=\"container\" data-e-type=\"container\" data-settings=\"{&quot;background_background&quot;:&quot;slideshow&quot;,&quot;background_slideshow_gallery&quot;:[],&quot;background_slideshow_loop&quot;:&quot;yes&quot;,&quot;background_slideshow_slide_duration&quot;:5000,&quot;background_slideshow_slide_transition&quot;:&quot;fade&quot;,&quot;background_slideshow_transition_duration&quot;:500,&quot;_ha_eqh_enable&quot;:false}\">\n\t\t\t\t\t<div class=\"e-con-inner\">\n\t\t<div class=\"has_eae_slider elementor-element elementor-element-06d6b2b e-con-full e-flex wpr-particle-no wpr-jarallax-no wpr-parallax-no wpr-sticky-section-no wpr-equal-height-no e-con e-child\" data-eae-slider=\"16645\" data-id=\"06d6b2b\" data-element_type=\"container\" data-e-type=\"container\" data-settings=\"{&quot;_ha_eqh_enable&quot;:false}\">\n\t\t\t\t<div class=\"elementor-element elementor-element-280e95e elementor-widget elementor-widget-image\" data-id=\"280e95e\" data-element_type=\"widget\" data-e-type=\"widget\" data-widget_type=\"image.default\">\n\t\t\t\t\t\t\t\t\t\t\t\t<figure class=\"wp-caption\">\n\t\t\t\t\t\t\t\t\t\t\t<a href=\"https:\/\/www.helloasso.com\/associations\/club-saint-lambert-csl\">\n\t\t\t\t\t\t\t<img decoding=\"async\" width=\"150\" height=\"150\" src=\"https:\/\/www.clubsaintlambert.fr\/wp-content\/uploads\/2025\/10\/CHAPEAU-150x150.jpg\" class=\"attachment-thumbnail size-thumbnail wp-image-889\" alt=\"\" srcset=\"https:\/\/www.clubsaintlambert.fr\/wp-content\/uploads\/2025\/10\/CHAPEAU-150x150.jpg 150w, https:\/\/www.clubsaintlambert.fr\/wp-content\/uploads\/2025\/10\/CHAPEAU.jpg 270w\" sizes=\"(max-width: 150px) 100vw, 150px\" \/>\t\t\t\t\t\t\t\t<\/a>\n\t\t\t\t\t\t\t\t\t\t\t<figcaption class=\"widget-image-caption wp-caption-text\">cliquez pour adh\u00e9rer<\/figcaption>\n\t\t\t\t\t\t\t\t\t\t<\/figure>\n\t\t\t\t\t\t\t\t\t<\/div>\n\t\t\t\t<\/div>\n\t\t<div class=\"has_eae_slider elementor-element elementor-element-9a57f68 e-con-full e-flex wpr-particle-no wpr-jarallax-no wpr-parallax-no wpr-sticky-section-no wpr-equal-height-no e-con e-child\" data-eae-slider=\"51272\" data-id=\"9a57f68\" data-element_type=\"container\" data-e-type=\"container\" data-settings=\"{&quot;_ha_eqh_enable&quot;:false}\">\n\t\t\t\t<div class=\"elementor-element elementor-element-e3214ae elementor-widget elementor-widget-text-editor\" data-id=\"e3214ae\" data-element_type=\"widget\" data-e-type=\"widget\" data-widget_type=\"text-editor.default\">\n\t\t\t\t\t\t\t\t\t<p>Le but du club Saint-Lambert est de d\u00e9velopper et de promouvoir la culture des ann\u00e9es 1920-1960 sur Nancy et aux alentours par le biais de l&rsquo;\u00e9v\u00e9nementiel.<\/p><p>L\u2019association fait intervenir des partenaires culturels et commerciaux divers. Elle s\u2019attache \u00e0 promouvoir des acteurs \u00e9conomiques et culturels locaux.<\/p><p>Les adh\u00e9rents de l&rsquo;association ne sont en aucun cas les organisateurs des soir\u00e9es.<\/p><p>Les \u00e9v\u00e8nements sont \u00e9galement ouverts aux personnes non adh\u00e9rentes \u00e0 l\u2019association.<\/p><p><strong>Toutefois, le fait d&rsquo;<a href=\"https:\/\/www.helloasso.com\/associations\/club-saint-lambert-csl\/adhesions\/club-saint-lambert-adhesion-2026\">adh\u00e9rer<\/a> \u00e0 l&rsquo;association offre des avantages<\/strong> :<\/p><p>&#8211; Avoir connaissance en avant-premi\u00e8re de la tenue des \u00e9v\u00e9nements<\/p><p>-Avoir la primaut\u00e9 d&rsquo;acc\u00e8s via un syst\u00e8me de r\u00e9servation \u00e0 ces \u00e9v\u00e9nements et profiter de tarifs pr\u00e9f\u00e9rentiels<\/p>\t\t\t\t\t\t\t\t<\/div>\n\t\t\t\t<\/div>\n\t\t\t\t\t<\/div>\n\t\t\t\t<\/div>\n\t\t\t\t<\/div>\n\t\t","protected":false},"excerpt":{"rendered":"<p>Le Club Saint-Lambert cliquez pour adh\u00e9rer Le but du club Saint-Lambert est de d\u00e9velopper et de promouvoir la culture des ann\u00e9es 1920-1960 sur Nancy et aux alentours par le biais de l&rsquo;\u00e9v\u00e9nementiel. L\u2019association fait intervenir des partenaires culturels et commerciaux divers. Elle s\u2019attache \u00e0 promouvoir des acteurs \u00e9conomiques et culturels locaux. Les adh\u00e9rents de l&rsquo;association ne sont en aucun cas les organisateurs des soir\u00e9es. Les \u00e9v\u00e8nements sont \u00e9galement ouverts aux personnes non adh\u00e9rentes \u00e0 l\u2019association. Toutefois, le fait d&rsquo;adh\u00e9rer \u00e0 l&rsquo;association offre des avantages : &#8211; Avoir connaissance en avant-premi\u00e8re de la tenue des \u00e9v\u00e9nements -Avoir la primaut\u00e9 d&rsquo;acc\u00e8s via un syst\u00e8me de r\u00e9servation \u00e0 ces \u00e9v\u00e9nements et profiter de tarifs pr\u00e9f\u00e9rentiels<\/p>\n","protected":false},"author":1,"featured_media":803,"parent":0,"menu_order":0,"comment_status":"closed","ping_status":"closed","template":"","meta":{"site-sidebar-layout":"no-sidebar","site-content-layout":"","ast-site-content-layout":"full-width-container","site-content-style":"default","site-sidebar-style":"default","ast-global-header-display":"","ast-banner-title-visibility":"","ast-main-header-display":"","ast-hfb-above-header-display":"","ast-hfb-below-header-display":"","ast-hfb-mobile-header-display":"","site-post-title":"disabled","ast-breadcrumbs-content":"","ast-featured-img":"disabled","footer-sml-layout":"","ast-disable-related-posts":"","theme-transparent-header-meta":"","adv-header-id-meta":"","stick-header-meta":"","header-above-stick-meta":"","header-main-stick-meta":"","header-below-stick-meta":"","astra-migrate-meta-layouts":"default","ast-page-background-enabled":"default","ast-page-background-meta":{"desktop":{"background-color":"var(--ast-global-color-5)","background-image":"","background-repeat":"repeat","background-position":"center center","background-size":"auto","background-attachment":"scroll","background-type":"","background-media":"","overlay-type":"","overlay-color":"","overlay-opacity":"","overlay-gradient":""},"tablet":{"background-color":"","background-image":"","background-repeat":"repeat","background-position":"center center","background-size":"auto","background-attachment":"scroll","background-type":"","background-media":"","overlay-type":"","overlay-color":"","overlay-opacity":"","overlay-gradient":""},"mobile":{"background-color":"","background-image":"","background-repeat":"repeat","background-position":"center center","background-size":"auto","background-attachment":"scroll","background-type":"","background-media":"","overlay-type":"","overlay-color":"","overlay-opacity":"","overlay-gradient":""}},"ast-content-background-meta":{"desktop":{"background-color":"var(--ast-global-color-4)","background-image":"","background-repeat":"repeat","background-position":"center center","background-size":"auto","background-attachment":"scroll","background-type":"","background-media":"","overlay-type":"","overlay-color":"","overlay-opacity":"","overlay-gradient":""},"tablet":{"background-color":"var(--ast-global-color-4)","background-image":"","background-repeat":"repeat","background-position":"center center","background-size":"auto","background-attachment":"scroll","background-type":"","background-media":"","overlay-type":"","overlay-color":"","overlay-opacity":"","overlay-gradient":""},"mobile":{"background-color":"var(--ast-global-color-4)","background-image":"","background-repeat":"repeat","background-position":"center center","background-size":"auto","background-attachment":"scroll","background-type":"","background-media":"","overlay-type":"","overlay-color":"","overlay-opacity":"","overlay-gradient":""}},"footnotes":""},"class_list":["post-1104","page","type-page","status-publish","has-post-thumbnail","hentry"],"_links":{"self":[{"href":"https:\/\/www.clubsaintlambert.fr\/index.php\/wp-json\/wp\/v2\/pages\/1104","targetHints":{"allow":["GET"]}}],"collection":[{"href":"https:\/\/www.clubsaintlambert.fr\/index.php\/wp-json\/wp\/v2\/pages"}],"about":[{"href":"https:\/\/www.clubsaintlambert.fr\/index.php\/wp-json\/wp\/v2\/types\/page"}],"author":[{"embeddable":true,"href":"https:\/\/www.clubsaintlambert.fr\/index.php\/wp-json\/wp\/v2\/users\/1"}],"replies":[{"embeddable":true,"href":"https:\/\/www.clubsaintlambert.fr\/index.php\/wp-json\/wp\/v2\/comments?post=1104"}],"version-history":[{"count":56,"href":"https:\/\/www.clubsaintlambert.fr\/index.php\/wp-json\/wp\/v2\/pages\/1104\/revisions"}],"predecessor-version":[{"id":1818,"href":"https:\/\/www.clubsaintlambert.fr\/index.php\/wp-json\/wp\/v2\/pages\/1104\/revisions\/1818"}],"wp:featuredmedia":[{"embeddable":true,"href":"https:\/\/www.clubsaintlambert.fr\/index.php\/wp-json\/wp\/v2\/media\/803"}],"wp:attachment":[{"href":"https:\/\/www.clubsaintlambert.fr\/index.php\/wp-json\/wp\/v2\/media?parent=1104"}],"curies":[{"name":"wp","href":"https:\/\/api.w.org\/{rel}","templated":true}]}}